{"id":7026,"date":"2023-09-18T13:53:49","date_gmt":"2023-09-18T13:53:49","guid":{"rendered":"https:\/\/vitasboutique.com\/product\/set-is-designed-by-vita-olenich\/"},"modified":"2023-09-18T14:15:56","modified_gmt":"2023-09-18T14:15:56","slug":"set-is-designed-by-vita-olenich","status":"publish","type":"product","link":"https:\/\/vitasboutique.com\/es\/producto\/set-is-designed-by-vita-olenich\/","title":{"rendered":"El dise\u00f1o fue creado por Vita Olenich"},"content":{"rendered":"<p>La falda\/vestido es muy c\u00f3moda y ligera, se puede usar como un vestido o como una falda.<\/p>\n<p>Diferentes combinaciones de colores en el patchwork la hacen muy f\u00e1cil de combinar con otras prendas de tu armario. Un bolero a juego con mangas acampanadas puede ser ideal para cubrir los hombros durante la noche. Puedes usar estas dos piezas juntas como una prenda o llevarlas por separado con pantalones cortos, pantalones, etc.<\/p>\n<p><img fetchpriority=\"high\" decoding=\"async\" class=\"size-full wp-image-7012 alignleft\" src=\"https:\/\/vitasboutique.com\/wp-content\/uploads\/2023\/09\/Product1-1.jpg\" alt=\"\" width=\"800\" height=\"1067\" srcset=\"https:\/\/vitasboutique.com\/wp-content\/uploads\/2023\/09\/Product1-1.jpg 800w, https:\/\/vitasboutique.com\/wp-content\/uploads\/2023\/09\/Product1-1-225x300.jpg 225w, https:\/\/vitasboutique.com\/wp-content\/uploads\/2023\/09\/Product1-1-768x1024.jpg 768w, https:\/\/vitasboutique.com\/wp-content\/uploads\/2023\/09\/Product1-1-600x800.jpg 600w\" sizes=\"(max-width: 800px) 100vw, 800px\" \/><\/p>\n<p>&nbsp;<\/p>\n<p><img decoding=\"async\" class=\"size-full wp-image-7018 alignleft\" src=\"https:\/\/vitasboutique.com\/wp-content\/uploads\/2023\/09\/Product1-4.jpg\" alt=\"\" width=\"960\" height=\"1255\" srcset=\"https:\/\/vitasboutique.com\/wp-content\/uploads\/2023\/09\/Product1-4.jpg 960w, https:\/\/vitasboutique.com\/wp-content\/uploads\/2023\/09\/Product1-4-229x300.jpg 229w, https:\/\/vitasboutique.com\/wp-content\/uploads\/2023\/09\/Product1-4-783x1024.jpg 783w, https:\/\/vitasboutique.com\/wp-content\/uploads\/2023\/09\/Product1-4-768x1004.jpg 768w, https:\/\/vitasboutique.com\/wp-content\/uploads\/2023\/09\/Product1-4-600x784.jpg 600w\" sizes=\"(max-width: 960px) 100vw, 960px\" \/><\/p>\n<p>&nbsp;<\/p>\n<p><img decoding=\"async\" class=\"size-full wp-image-7016 alignleft\" src=\"https:\/\/vitasboutique.com\/wp-content\/uploads\/2023\/09\/Product1-3-rotated.jpg\" alt=\"\" width=\"960\" height=\"1280\" srcset=\"https:\/\/vitasboutique.com\/wp-content\/uploads\/2023\/09\/Product1-3-rotated.jpg 960w, https:\/\/vitasboutique.com\/wp-content\/uploads\/2023\/09\/Product1-3-225x300.jpg 225w, https:\/\/vitasboutique.com\/wp-content\/uploads\/2023\/09\/Product1-3-768x1024.jpg 768w, https:\/\/vitasboutique.com\/wp-content\/uploads\/2023\/09\/Product1-3-600x800.jpg 600w\" sizes=\"(max-width: 960px) 100vw, 960px\" \/><\/p>\n<p>&nbsp;<\/p>\n","protected":false},"excerpt":{"rendered":"<p>Este conjunto fue dise\u00f1ado por Vita Olenich y fue confeccionado en una f\u00e1brica en India, especialmente para \u00abBoutique de Vita\u00bb. Estamos utilizando seda india, con un 70% de seda y un 30% de ray\u00f3n. Hay disponibles varios colores. El vestido est\u00e1 disponible en tallas XS\/S y M\/L.<\/p>\n","protected":false},"featured_media":7013,"comment_status":"open","ping_status":"closed","template":"","meta":[],"product_brand":[],"product_cat":[143],"product_tag":[],"class_list":{"0":"post-7026","1":"product","2":"type-product","3":"status-publish","4":"has-post-thumbnail","6":"product_cat-hand-made-collection","8":"first","9":"instock","10":"shipping-taxable","11":"purchasable","12":"product-type-variable"},"yoast_head":"<!-- This site is optimized with the Yoast SEO plugin v27.4 - https:\/\/yoast.com\/product\/yoast-seo-wordpress\/ -->\n<title>El dise\u00f1o fue creado por Vita Olenich - Vita&#039;s Boutique<\/title>\n<meta name=\"robots\" content=\"index, follow, max-snippet:-1, max-image-preview:large, max-video-preview:-1\" \/>\n<link rel=\"canonical\" href=\"https:\/\/vitasboutique.com\/es\/producto\/set-is-designed-by-vita-olenich\/\" \/>\n<meta property=\"og:locale\" content=\"es_ES\" \/>\n<meta property=\"og:type\" content=\"article\" \/>\n<meta property=\"og:title\" content=\"El dise\u00f1o fue creado por Vita Olenich - Vita&#039;s Boutique\" \/>\n<meta property=\"og:description\" content=\"Este conjunto fue dise\u00f1ado por Vita Olenich y fue confeccionado en una f\u00e1brica en India, especialmente para &quot;Boutique de Vita&quot;. Estamos utilizando seda india, con un 70% de seda y un 30% de ray\u00f3n. Hay disponibles varios colores. El vestido est\u00e1 disponible en tallas XS\/S y M\/L.\" \/>\n<meta property=\"og:url\" content=\"https:\/\/vitasboutique.com\/es\/producto\/set-is-designed-by-vita-olenich\/\" \/>\n<meta property=\"og:site_name\" content=\"Vita&#039;s Boutique\" \/>\n<meta property=\"article:modified_time\" content=\"2023-09-18T14:15:56+00:00\" \/>\n<meta property=\"og:image\" content=\"https:\/\/vitasboutique.com\/wp-content\/uploads\/2023\/09\/Product1-1.jpg\" \/>\n\t<meta property=\"og:image:width\" content=\"800\" \/>\n\t<meta property=\"og:image:height\" content=\"1067\" \/>\n\t<meta property=\"og:image:type\" content=\"image\/jpeg\" \/>\n<meta name=\"twitter:card\" content=\"summary_large_image\" \/>\n<meta name=\"twitter:label1\" content=\"Tiempo de lectura\" \/>\n\t<meta name=\"twitter:data1\" content=\"1 minuto\" \/>\n<script type=\"application\/ld+json\" class=\"yoast-schema-graph\">{\"@context\":\"https:\\\/\\\/schema.org\",\"@graph\":[{\"@type\":\"WebPage\",\"@id\":\"https:\\\/\\\/vitasboutique.com\\\/es\\\/producto\\\/set-is-designed-by-vita-olenich\\\/\",\"url\":\"https:\\\/\\\/vitasboutique.com\\\/es\\\/producto\\\/set-is-designed-by-vita-olenich\\\/\",\"name\":\"El dise\u00f1o fue creado por Vita Olenich - Vita&#039;s Boutique\",\"isPartOf\":{\"@id\":\"http:\\\/\\\/wxr.wev.mybluehost.me\\\/#website\"},\"primaryImageOfPage\":{\"@id\":\"https:\\\/\\\/vitasboutique.com\\\/es\\\/producto\\\/set-is-designed-by-vita-olenich\\\/#primaryimage\"},\"image\":{\"@id\":\"https:\\\/\\\/vitasboutique.com\\\/es\\\/producto\\\/set-is-designed-by-vita-olenich\\\/#primaryimage\"},\"thumbnailUrl\":\"https:\\\/\\\/vitasboutique.com\\\/wp-content\\\/uploads\\\/2023\\\/09\\\/Product1-1.jpg\",\"datePublished\":\"2023-09-18T13:53:49+00:00\",\"dateModified\":\"2023-09-18T14:15:56+00:00\",\"breadcrumb\":{\"@id\":\"https:\\\/\\\/vitasboutique.com\\\/es\\\/producto\\\/set-is-designed-by-vita-olenich\\\/#breadcrumb\"},\"inLanguage\":\"es\",\"potentialAction\":[{\"@type\":\"ReadAction\",\"target\":[\"https:\\\/\\\/vitasboutique.com\\\/es\\\/producto\\\/set-is-designed-by-vita-olenich\\\/\"]}]},{\"@type\":\"ImageObject\",\"inLanguage\":\"es\",\"@id\":\"https:\\\/\\\/vitasboutique.com\\\/es\\\/producto\\\/set-is-designed-by-vita-olenich\\\/#primaryimage\",\"url\":\"https:\\\/\\\/vitasboutique.com\\\/wp-content\\\/uploads\\\/2023\\\/09\\\/Product1-1.jpg\",\"contentUrl\":\"https:\\\/\\\/vitasboutique.com\\\/wp-content\\\/uploads\\\/2023\\\/09\\\/Product1-1.jpg\",\"width\":800,\"height\":1067,\"caption\":\"Set is designed by Vita Olenich\"},{\"@type\":\"BreadcrumbList\",\"@id\":\"https:\\\/\\\/vitasboutique.com\\\/es\\\/producto\\\/set-is-designed-by-vita-olenich\\\/#breadcrumb\",\"itemListElement\":[{\"@type\":\"ListItem\",\"position\":1,\"name\":\"Home\",\"item\":\"https:\\\/\\\/vitasboutique.com\\\/es\\\/\"},{\"@type\":\"ListItem\",\"position\":2,\"name\":\"Tienda\",\"item\":\"https:\\\/\\\/vitasboutique.com\\\/es\\\/tienda\\\/\"},{\"@type\":\"ListItem\",\"position\":3,\"name\":\"El dise\u00f1o fue creado por Vita Olenich\"}]},{\"@type\":\"WebSite\",\"@id\":\"http:\\\/\\\/wxr.wev.mybluehost.me\\\/#website\",\"url\":\"http:\\\/\\\/wxr.wev.mybluehost.me\\\/\",\"name\":\"Vita&#039;s Boutique\",\"description\":\"\",\"potentialAction\":[{\"@type\":\"SearchAction\",\"target\":{\"@type\":\"EntryPoint\",\"urlTemplate\":\"http:\\\/\\\/wxr.wev.mybluehost.me\\\/?s={search_term_string}\"},\"query-input\":{\"@type\":\"PropertyValueSpecification\",\"valueRequired\":true,\"valueName\":\"search_term_string\"}}],\"inLanguage\":\"es\"}]}<\/script>\n<!-- \/ Yoast SEO plugin. -->","yoast_head_json":{"title":"El dise\u00f1o fue creado por Vita Olenich - Vita&#039;s Boutique","robots":{"index":"index","follow":"follow","max-snippet":"max-snippet:-1","max-image-preview":"max-image-preview:large","max-video-preview":"max-video-preview:-1"},"canonical":"https:\/\/vitasboutique.com\/es\/producto\/set-is-designed-by-vita-olenich\/","og_locale":"es_ES","og_type":"article","og_title":"El dise\u00f1o fue creado por Vita Olenich - Vita&#039;s Boutique","og_description":"Este conjunto fue dise\u00f1ado por Vita Olenich y fue confeccionado en una f\u00e1brica en India, especialmente para \"Boutique de Vita\". Estamos utilizando seda india, con un 70% de seda y un 30% de ray\u00f3n. Hay disponibles varios colores. El vestido est\u00e1 disponible en tallas XS\/S y M\/L.","og_url":"https:\/\/vitasboutique.com\/es\/producto\/set-is-designed-by-vita-olenich\/","og_site_name":"Vita&#039;s Boutique","article_modified_time":"2023-09-18T14:15:56+00:00","og_image":[{"width":800,"height":1067,"url":"https:\/\/vitasboutique.com\/wp-content\/uploads\/2023\/09\/Product1-1.jpg","type":"image\/jpeg"}],"twitter_card":"summary_large_image","twitter_misc":{"Tiempo de lectura":"1 minuto"},"schema":{"@context":"https:\/\/schema.org","@graph":[{"@type":"WebPage","@id":"https:\/\/vitasboutique.com\/es\/producto\/set-is-designed-by-vita-olenich\/","url":"https:\/\/vitasboutique.com\/es\/producto\/set-is-designed-by-vita-olenich\/","name":"El dise\u00f1o fue creado por Vita Olenich - Vita&#039;s Boutique","isPartOf":{"@id":"http:\/\/wxr.wev.mybluehost.me\/#website"},"primaryImageOfPage":{"@id":"https:\/\/vitasboutique.com\/es\/producto\/set-is-designed-by-vita-olenich\/#primaryimage"},"image":{"@id":"https:\/\/vitasboutique.com\/es\/producto\/set-is-designed-by-vita-olenich\/#primaryimage"},"thumbnailUrl":"https:\/\/vitasboutique.com\/wp-content\/uploads\/2023\/09\/Product1-1.jpg","datePublished":"2023-09-18T13:53:49+00:00","dateModified":"2023-09-18T14:15:56+00:00","breadcrumb":{"@id":"https:\/\/vitasboutique.com\/es\/producto\/set-is-designed-by-vita-olenich\/#breadcrumb"},"inLanguage":"es","potentialAction":[{"@type":"ReadAction","target":["https:\/\/vitasboutique.com\/es\/producto\/set-is-designed-by-vita-olenich\/"]}]},{"@type":"ImageObject","inLanguage":"es","@id":"https:\/\/vitasboutique.com\/es\/producto\/set-is-designed-by-vita-olenich\/#primaryimage","url":"https:\/\/vitasboutique.com\/wp-content\/uploads\/2023\/09\/Product1-1.jpg","contentUrl":"https:\/\/vitasboutique.com\/wp-content\/uploads\/2023\/09\/Product1-1.jpg","width":800,"height":1067,"caption":"Set is designed by Vita Olenich"},{"@type":"BreadcrumbList","@id":"https:\/\/vitasboutique.com\/es\/producto\/set-is-designed-by-vita-olenich\/#breadcrumb","itemListElement":[{"@type":"ListItem","position":1,"name":"Home","item":"https:\/\/vitasboutique.com\/es\/"},{"@type":"ListItem","position":2,"name":"Tienda","item":"https:\/\/vitasboutique.com\/es\/tienda\/"},{"@type":"ListItem","position":3,"name":"El dise\u00f1o fue creado por Vita Olenich"}]},{"@type":"WebSite","@id":"http:\/\/wxr.wev.mybluehost.me\/#website","url":"http:\/\/wxr.wev.mybluehost.me\/","name":"Vita&#039;s Boutique","description":"","potentialAction":[{"@type":"SearchAction","target":{"@type":"EntryPoint","urlTemplate":"http:\/\/wxr.wev.mybluehost.me\/?s={search_term_string}"},"query-input":{"@type":"PropertyValueSpecification","valueRequired":true,"valueName":"search_term_string"}}],"inLanguage":"es"}]}},"_links":{"self":[{"href":"https:\/\/vitasboutique.com\/es\/wp-json\/wp\/v2\/product\/7026","targetHints":{"allow":["GET"]}}],"collection":[{"href":"https:\/\/vitasboutique.com\/es\/wp-json\/wp\/v2\/product"}],"about":[{"href":"https:\/\/vitasboutique.com\/es\/wp-json\/wp\/v2\/types\/product"}],"replies":[{"embeddable":true,"href":"https:\/\/vitasboutique.com\/es\/wp-json\/wp\/v2\/comments?post=7026"}],"wp:featuredmedia":[{"embeddable":true,"href":"https:\/\/vitasboutique.com\/es\/wp-json\/wp\/v2\/media\/7013"}],"wp:attachment":[{"href":"https:\/\/vitasboutique.com\/es\/wp-json\/wp\/v2\/media?parent=7026"}],"wp:term":[{"taxonomy":"product_brand","embeddable":true,"href":"https:\/\/vitasboutique.com\/es\/wp-json\/wp\/v2\/product_brand?post=7026"},{"taxonomy":"product_cat","embeddable":true,"href":"https:\/\/vitasboutique.com\/es\/wp-json\/wp\/v2\/product_cat?post=7026"},{"taxonomy":"product_tag","embeddable":true,"href":"https:\/\/vitasboutique.com\/es\/wp-json\/wp\/v2\/product_tag?post=7026"}],"curies":[{"name":"wp","href":"https:\/\/api.w.org\/{rel}","templated":true}]}}