{"id":7034,"date":"2023-09-11T09:30:22","date_gmt":"2023-09-11T09:30:22","guid":{"rendered":"https:\/\/vitasboutique.com\/product\/bolero-top\/"},"modified":"2023-09-18T14:44:20","modified_gmt":"2023-09-18T14:44:20","slug":"bolero-top","status":"publish","type":"product","link":"https:\/\/vitasboutique.com\/es\/producto\/bolero-top\/","title":{"rendered":"Bolero top from Indian silk collection"},"content":{"rendered":"<div><\/div>\n<div><img fetchpriority=\"high\" decoding=\"async\" class=\"size-full wp-image-6471 aligncenter\" src=\"https:\/\/vitasboutique.com\/wp-content\/uploads\/2023\/09\/product3.jpeg\" alt=\"\" width=\"914\" height=\"1280\" srcset=\"https:\/\/vitasboutique.com\/wp-content\/uploads\/2023\/09\/product3.jpeg 914w, https:\/\/vitasboutique.com\/wp-content\/uploads\/2023\/09\/product3-214x300.jpeg 214w, https:\/\/vitasboutique.com\/wp-content\/uploads\/2023\/09\/product3-731x1024.jpeg 731w, https:\/\/vitasboutique.com\/wp-content\/uploads\/2023\/09\/product3-768x1076.jpeg 768w, https:\/\/vitasboutique.com\/wp-content\/uploads\/2023\/09\/product3-600x840.jpeg 600w\" sizes=\"(max-width: 914px) 100vw, 914px\" \/><\/div>\n<div><\/div>\n<div><img decoding=\"async\" class=\"size-full wp-image-6469 aligncenter\" src=\"https:\/\/vitasboutique.com\/wp-content\/uploads\/2023\/09\/product2.jpeg\" alt=\"\" width=\"930\" height=\"1280\" srcset=\"https:\/\/vitasboutique.com\/wp-content\/uploads\/2023\/09\/product2.jpeg 930w, https:\/\/vitasboutique.com\/wp-content\/uploads\/2023\/09\/product2-218x300.jpeg 218w, https:\/\/vitasboutique.com\/wp-content\/uploads\/2023\/09\/product2-744x1024.jpeg 744w, https:\/\/vitasboutique.com\/wp-content\/uploads\/2023\/09\/product2-768x1057.jpeg 768w, https:\/\/vitasboutique.com\/wp-content\/uploads\/2023\/09\/product2-600x826.jpeg 600w\" sizes=\"(max-width: 930px) 100vw, 930px\" \/><\/div>\n<div><\/div>\n<div><img decoding=\"async\" class=\"size-full wp-image-6467 aligncenter\" src=\"https:\/\/vitasboutique.com\/wp-content\/uploads\/2023\/09\/product1.jpeg\" alt=\"\" width=\"820\" height=\"1280\" srcset=\"https:\/\/vitasboutique.com\/wp-content\/uploads\/2023\/09\/product1.jpeg 820w, https:\/\/vitasboutique.com\/wp-content\/uploads\/2023\/09\/product1-192x300.jpeg 192w, https:\/\/vitasboutique.com\/wp-content\/uploads\/2023\/09\/product1-656x1024.jpeg 656w, https:\/\/vitasboutique.com\/wp-content\/uploads\/2023\/09\/product1-768x1199.jpeg 768w, https:\/\/vitasboutique.com\/wp-content\/uploads\/2023\/09\/product1-600x937.jpeg 600w\" sizes=\"(max-width: 820px) 100vw, 820px\" \/><\/div>\n<div><\/div>\n","protected":false},"excerpt":{"rendered":"<p>Tenemos tantos colores para cualquier combinaci\u00f3n.<br \/>\nVintage indio dice seda 70% seda, 30% ray\u00f3n<br \/>\nTalla \u00fanica que se adapta perfectamente a tallas de S a L.<br \/>\npregunta por los colores<\/p>\n","protected":false},"featured_media":6472,"comment_status":"open","ping_status":"closed","template":"","meta":[],"product_brand":[],"product_cat":[142],"product_tag":[],"class_list":{"0":"post-7034","1":"product","2":"type-product","3":"status-publish","4":"has-post-thumbnail","6":"product_cat-coleccion-de-seda","8":"first","9":"instock","10":"shipping-taxable","11":"product-type-simple"},"yoast_head":"<!-- This site is optimized with the Yoast SEO plugin v27.4 - https:\/\/yoast.com\/product\/yoast-seo-wordpress\/ -->\n<title>Bolero top from Indian silk collection - Vita&#039;s Boutique<\/title>\n<meta name=\"robots\" content=\"index, follow, max-snippet:-1, max-image-preview:large, max-video-preview:-1\" \/>\n<link rel=\"canonical\" href=\"https:\/\/vitasboutique.com\/es\/producto\/bolero-top\/\" \/>\n<meta property=\"og:locale\" content=\"es_ES\" \/>\n<meta property=\"og:type\" content=\"article\" \/>\n<meta property=\"og:title\" content=\"Bolero top from Indian silk collection - Vita&#039;s Boutique\" \/>\n<meta property=\"og:description\" content=\"Tenemos tantos colores para cualquier combinaci\u00f3n. Vintage indio dice seda 70% seda, 30% ray\u00f3n Talla \u00fanica que se adapta perfectamente a tallas de S a L. pregunta por los colores\" \/>\n<meta property=\"og:url\" content=\"https:\/\/vitasboutique.com\/es\/producto\/bolero-top\/\" \/>\n<meta property=\"og:site_name\" content=\"Vita&#039;s Boutique\" \/>\n<meta property=\"article:modified_time\" content=\"2023-09-18T14:44:20+00:00\" \/>\n<meta property=\"og:image\" content=\"https:\/\/vitasboutique.com\/wp-content\/uploads\/2023\/09\/product3.jpeg\" \/>\n\t<meta property=\"og:image:width\" content=\"914\" \/>\n\t<meta property=\"og:image:height\" content=\"1280\" \/>\n\t<meta property=\"og:image:type\" content=\"image\/jpeg\" \/>\n<meta name=\"twitter:card\" content=\"summary_large_image\" \/>\n<meta name=\"twitter:label1\" content=\"Tiempo de lectura\" \/>\n\t<meta name=\"twitter:data1\" content=\"1 minuto\" \/>\n<script type=\"application\/ld+json\" class=\"yoast-schema-graph\">{\"@context\":\"https:\\\/\\\/schema.org\",\"@graph\":[{\"@type\":\"WebPage\",\"@id\":\"https:\\\/\\\/vitasboutique.com\\\/es\\\/producto\\\/bolero-top\\\/\",\"url\":\"https:\\\/\\\/vitasboutique.com\\\/es\\\/producto\\\/bolero-top\\\/\",\"name\":\"Bolero top from Indian silk collection - Vita&#039;s Boutique\",\"isPartOf\":{\"@id\":\"http:\\\/\\\/wxr.wev.mybluehost.me\\\/#website\"},\"primaryImageOfPage\":{\"@id\":\"https:\\\/\\\/vitasboutique.com\\\/es\\\/producto\\\/bolero-top\\\/#primaryimage\"},\"image\":{\"@id\":\"https:\\\/\\\/vitasboutique.com\\\/es\\\/producto\\\/bolero-top\\\/#primaryimage\"},\"thumbnailUrl\":\"https:\\\/\\\/vitasboutique.com\\\/wp-content\\\/uploads\\\/2023\\\/09\\\/product3.jpeg\",\"datePublished\":\"2023-09-11T09:30:22+00:00\",\"dateModified\":\"2023-09-18T14:44:20+00:00\",\"breadcrumb\":{\"@id\":\"https:\\\/\\\/vitasboutique.com\\\/es\\\/producto\\\/bolero-top\\\/#breadcrumb\"},\"inLanguage\":\"es\",\"potentialAction\":[{\"@type\":\"ReadAction\",\"target\":[\"https:\\\/\\\/vitasboutique.com\\\/es\\\/producto\\\/bolero-top\\\/\"]}]},{\"@type\":\"ImageObject\",\"inLanguage\":\"es\",\"@id\":\"https:\\\/\\\/vitasboutique.com\\\/es\\\/producto\\\/bolero-top\\\/#primaryimage\",\"url\":\"https:\\\/\\\/vitasboutique.com\\\/wp-content\\\/uploads\\\/2023\\\/09\\\/product3.jpeg\",\"contentUrl\":\"https:\\\/\\\/vitasboutique.com\\\/wp-content\\\/uploads\\\/2023\\\/09\\\/product3.jpeg\",\"width\":914,\"height\":1280},{\"@type\":\"BreadcrumbList\",\"@id\":\"https:\\\/\\\/vitasboutique.com\\\/es\\\/producto\\\/bolero-top\\\/#breadcrumb\",\"itemListElement\":[{\"@type\":\"ListItem\",\"position\":1,\"name\":\"Home\",\"item\":\"https:\\\/\\\/vitasboutique.com\\\/es\\\/\"},{\"@type\":\"ListItem\",\"position\":2,\"name\":\"Tienda\",\"item\":\"https:\\\/\\\/vitasboutique.com\\\/es\\\/tienda\\\/\"},{\"@type\":\"ListItem\",\"position\":3,\"name\":\"Bolero top from Indian silk collection\"}]},{\"@type\":\"WebSite\",\"@id\":\"http:\\\/\\\/wxr.wev.mybluehost.me\\\/#website\",\"url\":\"http:\\\/\\\/wxr.wev.mybluehost.me\\\/\",\"name\":\"Vita&#039;s Boutique\",\"description\":\"\",\"potentialAction\":[{\"@type\":\"SearchAction\",\"target\":{\"@type\":\"EntryPoint\",\"urlTemplate\":\"http:\\\/\\\/wxr.wev.mybluehost.me\\\/?s={search_term_string}\"},\"query-input\":{\"@type\":\"PropertyValueSpecification\",\"valueRequired\":true,\"valueName\":\"search_term_string\"}}],\"inLanguage\":\"es\"}]}<\/script>\n<!-- \/ Yoast SEO plugin. -->","yoast_head_json":{"title":"Bolero top from Indian silk collection - Vita&#039;s Boutique","robots":{"index":"index","follow":"follow","max-snippet":"max-snippet:-1","max-image-preview":"max-image-preview:large","max-video-preview":"max-video-preview:-1"},"canonical":"https:\/\/vitasboutique.com\/es\/producto\/bolero-top\/","og_locale":"es_ES","og_type":"article","og_title":"Bolero top from Indian silk collection - Vita&#039;s Boutique","og_description":"Tenemos tantos colores para cualquier combinaci\u00f3n. Vintage indio dice seda 70% seda, 30% ray\u00f3n Talla \u00fanica que se adapta perfectamente a tallas de S a L. pregunta por los colores","og_url":"https:\/\/vitasboutique.com\/es\/producto\/bolero-top\/","og_site_name":"Vita&#039;s Boutique","article_modified_time":"2023-09-18T14:44:20+00:00","og_image":[{"width":914,"height":1280,"url":"https:\/\/vitasboutique.com\/wp-content\/uploads\/2023\/09\/product3.jpeg","type":"image\/jpeg"}],"twitter_card":"summary_large_image","twitter_misc":{"Tiempo de lectura":"1 minuto"},"schema":{"@context":"https:\/\/schema.org","@graph":[{"@type":"WebPage","@id":"https:\/\/vitasboutique.com\/es\/producto\/bolero-top\/","url":"https:\/\/vitasboutique.com\/es\/producto\/bolero-top\/","name":"Bolero top from Indian silk collection - Vita&#039;s Boutique","isPartOf":{"@id":"http:\/\/wxr.wev.mybluehost.me\/#website"},"primaryImageOfPage":{"@id":"https:\/\/vitasboutique.com\/es\/producto\/bolero-top\/#primaryimage"},"image":{"@id":"https:\/\/vitasboutique.com\/es\/producto\/bolero-top\/#primaryimage"},"thumbnailUrl":"https:\/\/vitasboutique.com\/wp-content\/uploads\/2023\/09\/product3.jpeg","datePublished":"2023-09-11T09:30:22+00:00","dateModified":"2023-09-18T14:44:20+00:00","breadcrumb":{"@id":"https:\/\/vitasboutique.com\/es\/producto\/bolero-top\/#breadcrumb"},"inLanguage":"es","potentialAction":[{"@type":"ReadAction","target":["https:\/\/vitasboutique.com\/es\/producto\/bolero-top\/"]}]},{"@type":"ImageObject","inLanguage":"es","@id":"https:\/\/vitasboutique.com\/es\/producto\/bolero-top\/#primaryimage","url":"https:\/\/vitasboutique.com\/wp-content\/uploads\/2023\/09\/product3.jpeg","contentUrl":"https:\/\/vitasboutique.com\/wp-content\/uploads\/2023\/09\/product3.jpeg","width":914,"height":1280},{"@type":"BreadcrumbList","@id":"https:\/\/vitasboutique.com\/es\/producto\/bolero-top\/#breadcrumb","itemListElement":[{"@type":"ListItem","position":1,"name":"Home","item":"https:\/\/vitasboutique.com\/es\/"},{"@type":"ListItem","position":2,"name":"Tienda","item":"https:\/\/vitasboutique.com\/es\/tienda\/"},{"@type":"ListItem","position":3,"name":"Bolero top from Indian silk collection"}]},{"@type":"WebSite","@id":"http:\/\/wxr.wev.mybluehost.me\/#website","url":"http:\/\/wxr.wev.mybluehost.me\/","name":"Vita&#039;s Boutique","description":"","potentialAction":[{"@type":"SearchAction","target":{"@type":"EntryPoint","urlTemplate":"http:\/\/wxr.wev.mybluehost.me\/?s={search_term_string}"},"query-input":{"@type":"PropertyValueSpecification","valueRequired":true,"valueName":"search_term_string"}}],"inLanguage":"es"}]}},"_links":{"self":[{"href":"https:\/\/vitasboutique.com\/es\/wp-json\/wp\/v2\/product\/7034","targetHints":{"allow":["GET"]}}],"collection":[{"href":"https:\/\/vitasboutique.com\/es\/wp-json\/wp\/v2\/product"}],"about":[{"href":"https:\/\/vitasboutique.com\/es\/wp-json\/wp\/v2\/types\/product"}],"replies":[{"embeddable":true,"href":"https:\/\/vitasboutique.com\/es\/wp-json\/wp\/v2\/comments?post=7034"}],"wp:featuredmedia":[{"embeddable":true,"href":"https:\/\/vitasboutique.com\/es\/wp-json\/wp\/v2\/media\/6472"}],"wp:attachment":[{"href":"https:\/\/vitasboutique.com\/es\/wp-json\/wp\/v2\/media?parent=7034"}],"wp:term":[{"taxonomy":"product_brand","embeddable":true,"href":"https:\/\/vitasboutique.com\/es\/wp-json\/wp\/v2\/product_brand?post=7034"},{"taxonomy":"product_cat","embeddable":true,"href":"https:\/\/vitasboutique.com\/es\/wp-json\/wp\/v2\/product_cat?post=7034"},{"taxonomy":"product_tag","embeddable":true,"href":"https:\/\/vitasboutique.com\/es\/wp-json\/wp\/v2\/product_tag?post=7034"}],"curies":[{"name":"wp","href":"https:\/\/api.w.org\/{rel}","templated":true}]}}